{"id":1920,"date":"2018-10-09T11:27:40","date_gmt":"2018-10-09T11:27:40","guid":{"rendered":"http:\/\/kordex.imaginem.co\/?page_id=1920"},"modified":"2021-04-26T18:55:17","modified_gmt":"2021-04-26T17:55:17","slug":"portfolio-wide-spaced-4-column","status":"publish","type":"page","link":"https:\/\/bernd-roselieb.com\/en\/portfolio-items\/portfolio-wide-spaced-4-column\/","title":{"rendered":"Corporate"},"content":{"rendered":"<div data-elementor-type=\"wp-post\" data-elementor-id=\"1920\" class=\"elementor elementor-1920\">\n\t\t\t\t\t\t<div class=\"elementor-inner\">\n\t\t\t\t<div class=\"elementor-section-wrap\">\n\t\t\t\t\t\t\t\t\t<section class=\"elementor-section elementor-top-section elementor-element elementor-element-abbe655 elementor-section-boxed elementor-section-height-default elementor-section-height-default\" data-id=\"abbe655\" data-element_type=\"section\">\n\t\t\t\t\t\t<div class=\"elementor-container elementor-column-gap-default\">\n\t\t\t\t\t\t\t<div class=\"elementor-row\">\n\t\t\t\t\t<div class=\"elementor-column elementor-col-100 elementor-top-column elementor-element elementor-element-a192662\" data-id=\"a192662\" data-element_type=\"column\">\n\t\t\t<div class=\"elementor-column-wrap elementor-element-populated\">\n\t\t\t\t\t\t\t<div class=\"elementor-widget-wrap\">\n\t\t\t\t\t\t<div class=\"elementor-element elementor-element-911cd8b section-align-center section-size-default subtitle-style-default elementor-widget elementor-widget-section-heading\" data-id=\"911cd8b\" data-element_type=\"widget\" data-widget_type=\"section-heading.default\">\n\t\t\t\t<div class=\"elementor-widget-container\">\n\t\t\t<div class=\"section-heading headingstyle-default\"><div class=\"section-title-wrapper\"><h4 class=\"entry-title section-title\">Corporate<\/h4><\/div><\/div>\t\t<\/div>\n\t\t\t\t<\/div>\n\t\t\t\t\t\t<\/div>\n\t\t\t\t\t<\/div>\n\t\t<\/div>\n\t\t\t\t\t\t\t\t<\/div>\n\t\t\t\t\t<\/div>\n\t\t<\/section>\n\t\t\t\t<section class=\"elementor-section elementor-top-section elementor-element elementor-element-65eb0ef elementor-section-full_width elementor-section-height-default elementor-section-height-default\" data-id=\"65eb0ef\" data-element_type=\"section\" data-settings=\"{&quot;background_background&quot;:&quot;classic&quot;}\">\n\t\t\t\t\t\t<div class=\"elementor-container elementor-column-gap-no\">\n\t\t\t\t\t\t\t<div class=\"elementor-row\">\n\t\t\t\t\t<div class=\"elementor-column elementor-col-100 elementor-top-column elementor-element elementor-element-4c79483\" data-id=\"4c79483\" data-element_type=\"column\">\n\t\t\t<div class=\"elementor-column-wrap elementor-element-populated\">\n\t\t\t\t\t\t\t<div class=\"elementor-widget-wrap\">\n\t\t\t\t\t\t<div class=\"elementor-element elementor-element-6cde433 elementor-widget elementor-widget-portfolio-grid\" data-id=\"6cde433\" data-element_type=\"widget\" data-widget_type=\"portfolio-grid.default\">\n\t\t\t\t<div class=\"elementor-widget-container\">\n\t\t\t<div class=\"portfolio-grid-container lightgallery-container portfolio-gridblock-columns-wrap\"><div id=\"gridblock-container\" class=\"portfolio-gutter-nospace thumnails-gutter-active gridblock-masonary  relayout-on-image-load boxtitle-active has-effect-zoom grid-style-wall-grid gridblock-three clearfix\" data-columns=\"3\"><div class=\"gridblock-element grid-animate-display-all isotope-displayed gridblock-element-id-7068 gridblock-element-order-1  gridblock-filterable filter-44 filter-38\" data-portfolio=\"portfolio-7068\" data-id=\"id-2\"><div class=\"gridblock-grid-element gridblock-element-inner\" data-portfolioid=\"7068\"><div class=\"gridblock-background-hover\"><a  class=\"gridblock-sole-link\" href=\"https:\/\/bernd-roselieb.com\/en\/portfolios\/team-dhpg-wirtschaftsberatung-steuerberatung-rechtsberatung\/\"><div class=\"gridblock-links-wrap box-title-box-directlink\"><\/div><div class=\"boxtitle-hover\"><div class=\"work-details\"><h4>Team, dhpg &#8211; Wirtschaftsberatung | Steuerberatung | Rechtsberatung<\/h4><p class=\"entry-content work-description\"><\/p><\/div><\/div><\/a><\/div><img src=\"https:\/\/bernd-roselieb.com\/wp-content\/themes\/blacksilver\/images\/placeholders\/placeholder-770x550.gif\" data-src=\"https:\/\/bernd-roselieb.com\/wp-content\/uploads\/2021\/01\/bu1606290069.jpg\" alt=\"\" class=\"displayed-image lazyload\"\/><\/div><\/div><div class=\"gridblock-element grid-animate-display-all isotope-displayed gridblock-element-id-4988 gridblock-element-order-2  gridblock-filterable filter-44\" data-portfolio=\"portfolio-4988\" data-id=\"id-3\"><div class=\"gridblock-grid-element gridblock-element-inner\" data-portfolioid=\"4988\"><div class=\"gridblock-background-hover\"><a  class=\"gridblock-sole-link\" href=\"https:\/\/bernd-roselieb.com\/en\/portfolios\/dhpg-wirtschaftsprufung-steuerberatung-rechtsberatung\/\"><div class=\"gridblock-links-wrap box-title-box-directlink\"><\/div><div class=\"boxtitle-hover\"><div class=\"work-details\"><h4>dhpg &#8211; Wirtschaftspr\u00fcfung | Steuerberatung | Rechtsberatung<\/h4><p class=\"entry-content work-description\"><\/p><\/div><\/div><\/a><\/div><img src=\"https:\/\/bernd-roselieb.com\/wp-content\/themes\/blacksilver\/images\/placeholders\/placeholder-770x550.gif\" data-src=\"https:\/\/bernd-roselieb.com\/wp-content\/uploads\/2020\/10\/pu1702170007.jpg\" alt=\"\" class=\"displayed-image lazyload\"\/><\/div><\/div><div class=\"gridblock-element grid-animate-display-all isotope-displayed gridblock-element-id-5201 gridblock-element-order-3  gridblock-filterable filter-44\" data-portfolio=\"portfolio-5201\" data-id=\"id-4\"><div class=\"gridblock-grid-element gridblock-element-inner\" data-portfolioid=\"5201\"><div class=\"gridblock-background-hover\"><a  class=\"gridblock-sole-link\" href=\"https:\/\/bernd-roselieb.com\/en\/portfolios\/anvis-sumitomo-riko-group-2\/\"><div class=\"gridblock-links-wrap box-title-box-directlink\"><\/div><div class=\"boxtitle-hover\"><div class=\"work-details\"><h4>Anvis Sumitomo Riko Group<\/h4><p class=\"entry-content work-description\"><\/p><\/div><\/div><\/a><\/div><img src=\"https:\/\/bernd-roselieb.com\/wp-content\/themes\/blacksilver\/images\/placeholders\/placeholder-770x550.gif\" data-src=\"https:\/\/bernd-roselieb.com\/wp-content\/uploads\/2020\/10\/Anvis_gif_No_1.gif\" alt=\"\" class=\"displayed-image lazyload\"\/><\/div><\/div><div class=\"gridblock-element grid-animate-display-all isotope-displayed gridblock-element-id-5322 gridblock-element-order-4  gridblock-filterable filter-44 filter-42\" data-portfolio=\"portfolio-5322\" data-id=\"id-5\"><div class=\"gridblock-grid-element gridblock-element-inner\" data-portfolioid=\"5322\"><div class=\"gridblock-background-hover\"><a  class=\"gridblock-sole-link\" href=\"https:\/\/bernd-roselieb.com\/en\/portfolios\/spina-bifida-surgery\/\"><div class=\"gridblock-links-wrap box-title-box-directlink\"><\/div><div class=\"boxtitle-hover\"><div class=\"work-details\"><h4>Dr\u00e4ger AG<\/h4><p class=\"entry-content work-description\"><\/p><\/div><\/div><\/a><\/div><img src=\"https:\/\/bernd-roselieb.com\/wp-content\/themes\/blacksilver\/images\/placeholders\/placeholder-770x550.gif\" data-src=\"https:\/\/bernd-roselieb.com\/wp-content\/uploads\/2020\/10\/me1602230393.jpg\" alt=\"\" class=\"displayed-image lazyload\"\/><\/div><\/div><div class=\"gridblock-element grid-animate-display-all isotope-displayed gridblock-element-id-5064 gridblock-element-order-5  gridblock-filterable filter-44\" data-portfolio=\"portfolio-5064\" data-id=\"id-6\"><div class=\"gridblock-grid-element gridblock-element-inner\" data-portfolioid=\"5064\"><div class=\"gridblock-background-hover\"><a  class=\"gridblock-sole-link\" href=\"https:\/\/bernd-roselieb.com\/en\/portfolios\/ghl-architekten\/\"><div class=\"gridblock-links-wrap box-title-box-directlink\"><\/div><div class=\"boxtitle-hover\"><div class=\"work-details\"><h4>ghl architekten<\/h4><p class=\"entry-content work-description\"><\/p><\/div><\/div><\/a><\/div><img src=\"https:\/\/bernd-roselieb.com\/wp-content\/themes\/blacksilver\/images\/placeholders\/placeholder-770x550.gif\" data-src=\"https:\/\/bernd-roselieb.com\/wp-content\/uploads\/2020\/10\/ghl_website_02_frame.jpg\" alt=\"\" class=\"displayed-image lazyload\"\/><\/div><\/div><div class=\"gridblock-element grid-animate-display-all isotope-displayed gridblock-element-id-5150 gridblock-element-order-6  gridblock-filterable filter-44\" data-portfolio=\"portfolio-5150\" data-id=\"id-7\"><div class=\"gridblock-grid-element gridblock-element-inner\" data-portfolioid=\"5150\"><div class=\"gridblock-background-hover\"><a  class=\"gridblock-sole-link\" href=\"https:\/\/bernd-roselieb.com\/en\/portfolios\/anvis-sumitomo-riko-group\/\"><div class=\"gridblock-links-wrap box-title-box-directlink\"><\/div><div class=\"boxtitle-hover\"><div class=\"work-details\"><h4>Anvis Sumitomo Riko Group<\/h4><p class=\"entry-content work-description\"><\/p><\/div><\/div><\/a><\/div><img src=\"https:\/\/bernd-roselieb.com\/wp-content\/themes\/blacksilver\/images\/placeholders\/placeholder-770x550.gif\" data-src=\"https:\/\/bernd-roselieb.com\/wp-content\/uploads\/2020\/05\/ag0303_15_buch_featured.jpg\" alt=\"\" class=\"displayed-image lazyload\"\/><\/div><\/div><div class=\"gridblock-element grid-animate-display-all isotope-displayed gridblock-element-id-5039 gridblock-element-order-7  gridblock-filterable filter-44\" data-portfolio=\"portfolio-5039\" data-id=\"id-8\"><div class=\"gridblock-grid-element gridblock-element-inner\" data-portfolioid=\"5039\"><div class=\"gridblock-background-hover\"><a  class=\"gridblock-sole-link\" href=\"https:\/\/bernd-roselieb.com\/en\/portfolios\/stada\/\"><div class=\"gridblock-links-wrap box-title-box-directlink\"><\/div><div class=\"boxtitle-hover\"><div class=\"work-details\"><h4>STADA AG<\/h4><p class=\"entry-content work-description\"><\/p><\/div><\/div><\/a><\/div><img src=\"https:\/\/bernd-roselieb.com\/wp-content\/themes\/blacksilver\/images\/placeholders\/placeholder-770x550.gif\" data-src=\"https:\/\/bernd-roselieb.com\/wp-content\/uploads\/2020\/10\/Stada_Website_CEO_frame.jpg\" alt=\"\" class=\"displayed-image lazyload\"\/><\/div><\/div><div class=\"gridblock-element grid-animate-display-all isotope-displayed gridblock-element-id-5081 gridblock-element-order-8  gridblock-filterable filter-44\" data-portfolio=\"portfolio-5081\" data-id=\"id-9\"><div class=\"gridblock-grid-element gridblock-element-inner\" data-portfolioid=\"5081\"><div class=\"gridblock-background-hover\"><a  class=\"gridblock-sole-link\" href=\"https:\/\/bernd-roselieb.com\/en\/portfolios\/bafin\/\"><div class=\"gridblock-links-wrap box-title-box-directlink\"><\/div><div class=\"boxtitle-hover\"><div class=\"work-details\"><h4>BaFin<\/h4><p class=\"entry-content work-description\"><\/p><\/div><\/div><\/a><\/div><img src=\"https:\/\/bernd-roselieb.com\/wp-content\/themes\/blacksilver\/images\/placeholders\/placeholder-770x550.gif\" data-src=\"https:\/\/bernd-roselieb.com\/wp-content\/uploads\/2020\/10\/bu1803073274_ret.jpg\" alt=\"\" class=\"displayed-image lazyload\"\/><\/div><\/div><div class=\"gridblock-element grid-animate-display-all isotope-displayed gridblock-element-id-5112 gridblock-element-order-9  gridblock-filterable filter-44\" data-portfolio=\"portfolio-5112\" data-id=\"id-10\"><div class=\"gridblock-grid-element gridblock-element-inner\" data-portfolioid=\"5112\"><div class=\"gridblock-background-hover\"><a  class=\"gridblock-sole-link\" href=\"https:\/\/bernd-roselieb.com\/en\/portfolios\/dr-senckenbergische-stiftung\/\"><div class=\"gridblock-links-wrap box-title-box-directlink\"><\/div><div class=\"boxtitle-hover\"><div class=\"work-details\"><h4>Dr. Senckenbergische Stiftung<\/h4><p class=\"entry-content work-description\"><\/p><\/div><\/div><\/a><\/div><img src=\"https:\/\/bernd-roselieb.com\/wp-content\/themes\/blacksilver\/images\/placeholders\/placeholder-770x550.gif\" data-src=\"https:\/\/bernd-roselieb.com\/wp-content\/uploads\/2020\/10\/sc1305072084.jpg\" alt=\"\" class=\"displayed-image lazyload\"\/><\/div><\/div><\/div><\/div>\t\t<\/div>\n\t\t\t\t<\/div>\n\t\t\t\t\t\t<\/div>\n\t\t\t\t\t<\/div>\n\t\t<\/div>\n\t\t\t\t\t\t\t\t<\/div>\n\t\t\t\t\t<\/div>\n\t\t<\/section>\n\t\t\t\t\t\t\t\t\t<\/div>\n\t\t\t<\/div>\n\t\t\t\t\t<\/div>","protected":false},"excerpt":{"rendered":"<p>Corporate Team, dhpg &#8211; Wirtschaftsberatung | Steuerberatung | Rechtsberatung dhpg &#8211; Wirtschaftspr\u00fcfung | Steuerberatung | Rechtsberatung Anvis Sumitomo Riko Group Dr\u00e4ger AG &#8211; Spina Bifida Operation ghl architekten Anvis Sumitomo Riko Group Dr\u00e4ger AG &#8211; Wachkraniotomie STADA AG BaFin Dr. Senckenbergische Stiftung<\/p>","protected":false},"author":1,"featured_media":0,"parent":191,"menu_order":0,"comment_status":"closed","ping_status":"closed","template":"","meta":[],"_links":{"self":[{"href":"https:\/\/bernd-roselieb.com\/en\/wp-json\/wp\/v2\/pages\/1920"}],"collection":[{"href":"https:\/\/bernd-roselieb.com\/en\/wp-json\/wp\/v2\/pages"}],"about":[{"href":"https:\/\/bernd-roselieb.com\/en\/wp-json\/wp\/v2\/types\/page"}],"author":[{"embeddable":true,"href":"https:\/\/bernd-roselieb.com\/en\/wp-json\/wp\/v2\/users\/1"}],"replies":[{"embeddable":true,"href":"https:\/\/bernd-roselieb.com\/en\/wp-json\/wp\/v2\/comments?post=1920"}],"version-history":[{"count":23,"href":"https:\/\/bernd-roselieb.com\/en\/wp-json\/wp\/v2\/pages\/1920\/revisions"}],"predecessor-version":[{"id":7338,"href":"https:\/\/bernd-roselieb.com\/en\/wp-json\/wp\/v2\/pages\/1920\/revisions\/7338"}],"up":[{"embeddable":true,"href":"https:\/\/bernd-roselieb.com\/en\/wp-json\/wp\/v2\/pages\/191"}],"wp:attachment":[{"href":"https:\/\/bernd-roselieb.com\/en\/wp-json\/wp\/v2\/media?parent=1920"}],"curies":[{"name":"wp","href":"https:\/\/api.w.org\/{rel}","templated":true}]}}