{"id":6746,"date":"2020-11-23T22:58:54","date_gmt":"2020-11-23T22:58:54","guid":{"rendered":"https:\/\/bernd-roselieb.com\/?page_id=6746"},"modified":"2021-11-24T21:24:49","modified_gmt":"2021-11-24T21:24:49","slug":"deutschlandautoland","status":"publish","type":"page","link":"https:\/\/bernd-roselieb.com\/en\/deutschlandautoland\/","title":{"rendered":"Deutschlandautoland"},"content":{"rendered":"<div data-elementor-type=\"wp-page\" data-elementor-id=\"6746\" class=\"elementor elementor-6746\">\n\t\t\t\t\t\t<div class=\"elementor-inner\">\n\t\t\t\t<div class=\"elementor-section-wrap\">\n\t\t\t\t\t\t\t\t\t<section class=\"elementor-section elementor-top-section elementor-element elementor-element-b97533f elementor-section-boxed elementor-section-height-default elementor-section-height-default\" data-id=\"b97533f\" data-element_type=\"section\">\n\t\t\t\t\t\t<div class=\"elementor-container elementor-column-gap-default\">\n\t\t\t\t\t\t\t<div class=\"elementor-row\">\n\t\t\t\t\t<div class=\"elementor-column elementor-col-100 elementor-top-column elementor-element elementor-element-d8e3866\" data-id=\"d8e3866\" data-element_type=\"column\">\n\t\t\t<div class=\"elementor-column-wrap elementor-element-populated\">\n\t\t\t\t\t\t\t<div class=\"elementor-widget-wrap\">\n\t\t\t\t\t\t<div class=\"elementor-element elementor-element-16c7eba elementor-widget elementor-widget-image\" data-id=\"16c7eba\" data-element_type=\"widget\" data-widget_type=\"image.default\">\n\t\t\t\t<div class=\"elementor-widget-container\">\n\t\t\t\t\t\t\t\t<div class=\"elementor-image\">\n\t\t\t\t\t\t\t\t\t\t\t\t<img width=\"1800\" height=\"127\" src=\"https:\/\/bernd-roselieb.com\/wp-content\/uploads\/2021\/01\/Titel.jpg\" class=\"attachment-full size-full wp-image-7121\" alt=\"\" loading=\"lazy\" srcset=\"https:\/\/bernd-roselieb.com\/wp-content\/uploads\/2021\/01\/Titel.jpg 1800w, https:\/\/bernd-roselieb.com\/wp-content\/uploads\/2021\/01\/Titel-620x44.jpg 620w, https:\/\/bernd-roselieb.com\/wp-content\/uploads\/2021\/01\/Titel-1000x71.jpg 1000w, https:\/\/bernd-roselieb.com\/wp-content\/uploads\/2021\/01\/Titel-768x54.jpg 768w, https:\/\/bernd-roselieb.com\/wp-content\/uploads\/2021\/01\/Titel-1536x108.jpg 1536w, https:\/\/bernd-roselieb.com\/wp-content\/uploads\/2021\/01\/Titel-16x1.jpg 16w, https:\/\/bernd-roselieb.com\/wp-content\/uploads\/2021\/01\/Titel-1400x99.jpg 1400w, https:\/\/bernd-roselieb.com\/wp-content\/uploads\/2021\/01\/Titel-800x56.jpg 800w\" sizes=\"(max-width: 1800px) 100vw, 1800px\" \/>\t\t\t\t\t\t\t\t\t\t\t\t\t\t<\/div>\n\t\t\t\t\t\t<\/div>\n\t\t\t\t<\/div>\n\t\t\t\t\t\t<\/div>\n\t\t\t\t\t<\/div>\n\t\t<\/div>\n\t\t\t\t\t\t\t\t<\/div>\n\t\t\t\t\t<\/div>\n\t\t<\/section>\n\t\t\t\t<section class=\"elementor-section elementor-top-section elementor-element elementor-element-aebce76 elementor-section-full_width elementor-section-height-default elementor-section-height-default\" data-id=\"aebce76\" data-element_type=\"section\">\n\t\t\t\t\t\t<div class=\"elementor-container elementor-column-gap-default\">\n\t\t\t\t\t\t\t<div class=\"elementor-row\">\n\t\t\t\t\t<div class=\"elementor-column elementor-col-100 elementor-top-column elementor-element elementor-element-6547c03\" data-id=\"6547c03\" data-element_type=\"column\">\n\t\t\t<div class=\"elementor-column-wrap elementor-element-populated\">\n\t\t\t\t\t\t\t<div class=\"elementor-widget-wrap\">\n\t\t\t\t\t\t<div class=\"elementor-element elementor-element-e69b4da elementor-widget elementor-widget-image\" data-id=\"e69b4da\" data-element_type=\"widget\" data-widget_type=\"image.default\">\n\t\t\t\t<div class=\"elementor-widget-container\">\n\t\t\t\t\t\t\t\t<div class=\"elementor-image\">\n\t\t\t\t\t\t\t\t\t\t\t\t<img width=\"1800\" height=\"900\" src=\"https:\/\/bernd-roselieb.com\/wp-content\/uploads\/2021\/01\/page_063_crop.jpg\" class=\"attachment-full size-full wp-image-7122\" alt=\"\" loading=\"lazy\" srcset=\"https:\/\/bernd-roselieb.com\/wp-content\/uploads\/2021\/01\/page_063_crop.jpg 1800w, https:\/\/bernd-roselieb.com\/wp-content\/uploads\/2021\/01\/page_063_crop-620x310.jpg 620w, https:\/\/bernd-roselieb.com\/wp-content\/uploads\/2021\/01\/page_063_crop-1000x500.jpg 1000w, https:\/\/bernd-roselieb.com\/wp-content\/uploads\/2021\/01\/page_063_crop-768x384.jpg 768w, https:\/\/bernd-roselieb.com\/wp-content\/uploads\/2021\/01\/page_063_crop-1536x768.jpg 1536w, https:\/\/bernd-roselieb.com\/wp-content\/uploads\/2021\/01\/page_063_crop-16x8.jpg 16w, https:\/\/bernd-roselieb.com\/wp-content\/uploads\/2021\/01\/page_063_crop-1400x700.jpg 1400w, https:\/\/bernd-roselieb.com\/wp-content\/uploads\/2021\/01\/page_063_crop-800x400.jpg 800w\" sizes=\"(max-width: 1800px) 100vw, 1800px\" \/>\t\t\t\t\t\t\t\t\t\t\t\t\t\t<\/div>\n\t\t\t\t\t\t<\/div>\n\t\t\t\t<\/div>\n\t\t\t\t\t\t<\/div>\n\t\t\t\t\t<\/div>\n\t\t<\/div>\n\t\t\t\t\t\t\t\t<\/div>\n\t\t\t\t\t<\/div>\n\t\t<\/section>\n\t\t\t\t<section class=\"elementor-section elementor-top-section elementor-element elementor-element-c169d86 elementor-section-full_width elementor-section-height-default elementor-section-height-default\" data-id=\"c169d86\" data-element_type=\"section\" data-settings=\"{&quot;background_background&quot;:&quot;classic&quot;}\">\n\t\t\t\t\t\t<div class=\"elementor-container elementor-column-gap-default\">\n\t\t\t\t\t\t\t<div class=\"elementor-row\">\n\t\t\t\t\t<div class=\"elementor-column elementor-col-100 elementor-top-column elementor-element elementor-element-18c2dc1\" data-id=\"18c2dc1\" data-element_type=\"column\">\n\t\t\t<div class=\"elementor-column-wrap elementor-element-populated\">\n\t\t\t\t\t\t\t<div class=\"elementor-widget-wrap\">\n\t\t\t\t\t\t<div class=\"elementor-element elementor-element-0aa5805 section-align-center section-size-default subtitle-style-default elementor-widget elementor-widget-section-heading\" data-id=\"0aa5805\" data-element_type=\"widget\" data-widget_type=\"section-heading.default\">\n\t\t\t\t<div class=\"elementor-widget-container\">\n\t\t\t<div class=\"section-heading headingstyle-default\"><div class=\"section-title-wrapper\"><h2 class=\"entry-title section-title\">This series is about the last decade in which it was still possible to celebrate the fetish car completely unrestrained.<\/h2><\/div><h5 class=\"entry-sub-title section-sub-title\">In 2011 I started photographing portraits of car owners with special relationships to their vehicles. I also started taking pictures of automotive events and places where the car is the center of attention and traveled all over Germany for that. <\/h5><div class=\"section-description clearfix\"><div class=\"section-description-inner\"><p>The combustion engine, which decisively shaped the intimate relationship with the automobile, is now doomed to extinction. Its time is slowly running out. The car as we have long known it is losing its value as a status symbol. But it will not disappear because of this.<\/p>\n<\/div><\/div><\/div>\t\t<\/div>\n\t\t\t\t<\/div>\n\t\t\t\t\t\t<\/div>\n\t\t\t\t\t<\/div>\n\t\t<\/div>\n\t\t\t\t\t\t\t\t<\/div>\n\t\t\t\t\t<\/div>\n\t\t<\/section>\n\t\t\t\t<section class=\"elementor-section elementor-top-section elementor-element elementor-element-6036814 elementor-section-full_width elementor-section-height-default elementor-section-height-default\" data-id=\"6036814\" data-element_type=\"section\">\n\t\t\t\t\t\t<div class=\"elementor-container elementor-column-gap-default\">\n\t\t\t\t\t\t\t<div class=\"elementor-row\">\n\t\t\t\t\t<div class=\"elementor-column elementor-col-100 elementor-top-column elementor-element elementor-element-445d477\" data-id=\"445d477\" data-element_type=\"column\">\n\t\t\t<div class=\"elementor-column-wrap elementor-element-populated\">\n\t\t\t\t\t\t\t<div class=\"elementor-widget-wrap\">\n\t\t\t\t\t\t<div class=\"elementor-element elementor-element-3adc411 elementor-widget elementor-widget-portfolio-grid\" data-id=\"3adc411\" data-element_type=\"widget\" data-widget_type=\"portfolio-grid.default\">\n\t\t\t\t<div class=\"elementor-widget-container\">\n\t\t\t<div class=\"portfolio-grid-container lightgallery-container portfolio-gridblock-columns-wrap\"><div id=\"gridblock-container\" class=\"portfolio-gutter-nospace thumnails-gutter-active  box-has-only-title  boxtitle-active has-effect-zoom grid-style-wall-grid gridblock-three clearfix\" data-columns=\"3\"><div class=\"gridblock-element grid-animate-display-all isotope-displayed gridblock-element-id-6603 gridblock-element-order-1  gridblock-filterable filter-55\" data-portfolio=\"portfolio-6603\" data-id=\"id-2\"><div class=\"gridblock-grid-element gridblock-element-inner\" data-portfolioid=\"6603\"><div class=\"gridblock-background-hover\"><a  class=\"gridblock-sole-link\" href=\"https:\/\/bernd-roselieb.com\/en\/portfolios\/exposition\/\"><div class=\"gridblock-links-wrap box-title-box-directlink\"><\/div><div class=\"boxtitle-hover\"><div class=\"work-details\"><h4>Introduction<\/h4><\/div><\/div><\/a><\/div><img src=\"https:\/\/bernd-roselieb.com\/wp-content\/themes\/blacksilver\/images\/placeholders\/placeholder-770x550.gif\" data-src=\"https:\/\/bernd-roselieb.com\/wp-content\/uploads\/2020\/11\/page_DE_005-770x550.jpg\" alt=\"\" class=\"displayed-image lazyload\"\/><\/div><\/div><div class=\"gridblock-element grid-animate-display-all isotope-displayed gridblock-element-id-6620 gridblock-element-order-2  gridblock-filterable filter-55\" data-portfolio=\"portfolio-6620\" data-id=\"id-3\"><div class=\"gridblock-grid-element gridblock-element-inner\" data-portfolioid=\"6620\"><div class=\"gridblock-background-hover\"><a  class=\"gridblock-sole-link\" href=\"https:\/\/bernd-roselieb.com\/en\/portfolios\/durchfuehrung\/\"><div class=\"gridblock-links-wrap box-title-box-directlink\"><\/div><div class=\"boxtitle-hover\"><div class=\"work-details\"><h4>Developement<\/h4><\/div><\/div><\/a><\/div><img src=\"https:\/\/bernd-roselieb.com\/wp-content\/themes\/blacksilver\/images\/placeholders\/placeholder-770x550.gif\" data-src=\"https:\/\/bernd-roselieb.com\/wp-content\/uploads\/2020\/11\/page_DE_038-770x550.jpg\" alt=\"\" class=\"displayed-image lazyload\"\/><\/div><\/div><div class=\"gridblock-element grid-animate-display-all isotope-displayed gridblock-element-id-6671 gridblock-element-order-3  gridblock-filterable filter-55\" data-portfolio=\"portfolio-6671\" data-id=\"id-4\"><div class=\"gridblock-grid-element gridblock-element-inner\" data-portfolioid=\"6671\"><div class=\"gridblock-background-hover\"><a  class=\"gridblock-sole-link\" href=\"https:\/\/bernd-roselieb.com\/en\/portfolios\/reprise\/\"><div class=\"gridblock-links-wrap box-title-box-directlink\"><\/div><div class=\"boxtitle-hover\"><div class=\"work-details\"><h4>Recapitulation<\/h4><\/div><\/div><\/a><\/div><img src=\"https:\/\/bernd-roselieb.com\/wp-content\/themes\/blacksilver\/images\/placeholders\/placeholder-770x550.gif\" data-src=\"https:\/\/bernd-roselieb.com\/wp-content\/uploads\/2020\/11\/page_DE_064-770x550.jpg\" alt=\"\" class=\"displayed-image lazyload\"\/><\/div><\/div><div class=\"gridblock-element grid-animate-display-all isotope-displayed gridblock-element-id-6702 gridblock-element-order-4  gridblock-filterable filter-55\" data-portfolio=\"portfolio-6702\" data-id=\"id-5\"><div class=\"gridblock-grid-element gridblock-element-inner\" data-portfolioid=\"6702\"><div class=\"gridblock-background-hover\"><a  class=\"gridblock-sole-link\" href=\"https:\/\/bernd-roselieb.com\/en\/portfolios\/die-autobesitzer\/\"><div class=\"gridblock-links-wrap box-title-box-directlink\"><\/div><div class=\"boxtitle-hover\"><div class=\"work-details\"><h4>Darsteller mit deutschen Zitaten<\/h4><\/div><\/div><\/a><\/div><img src=\"https:\/\/bernd-roselieb.com\/wp-content\/themes\/blacksilver\/images\/placeholders\/placeholder-770x550.gif\" data-src=\"https:\/\/bernd-roselieb.com\/wp-content\/uploads\/2020\/11\/ca080918001-770x550.jpg\" alt=\"\" class=\"displayed-image lazyload\"\/><\/div><\/div><div class=\"gridblock-element grid-animate-display-all isotope-displayed gridblock-element-id-6386 gridblock-element-order-5  gridblock-filterable filter-55 filter-54\" data-portfolio=\"portfolio-6386\" data-id=\"id-6\"><div class=\"gridblock-grid-element gridblock-element-inner\" data-portfolioid=\"6386\"><div class=\"gridblock-background-hover\"><a  class=\"gridblock-sole-link\" href=\"https:\/\/bernd-roselieb.com\/en\/portfolios\/the-car-owners\/\"><div class=\"gridblock-links-wrap box-title-box-directlink\"><\/div><div class=\"boxtitle-hover\"><div class=\"work-details\"><h4>Performers with English quotes<\/h4><\/div><\/div><\/a><\/div><img src=\"https:\/\/bernd-roselieb.com\/wp-content\/themes\/blacksilver\/images\/placeholders\/placeholder-770x550.gif\" data-src=\"https:\/\/bernd-roselieb.com\/wp-content\/uploads\/2020\/11\/ca110918010-770x550.jpg\" alt=\"\" class=\"displayed-image lazyload\"\/><\/div><\/div><\/div><\/div>\t\t<\/div>\n\t\t\t\t<\/div>\n\t\t\t\t\t\t<\/div>\n\t\t\t\t\t<\/div>\n\t\t<\/div>\n\t\t\t\t\t\t\t\t<\/div>\n\t\t\t\t\t<\/div>\n\t\t<\/section>\n\t\t\t\t\t\t\t\t\t<\/div>\n\t\t\t<\/div>\n\t\t\t\t\t<\/div>","protected":false},"excerpt":{"rendered":"<p>Diese Serie handelt von der letzten Dekade, in der es noch m\u00f6glich war den Fetisch Auto v\u00f6llig hemmungslos zu zelebrieren. 2011 habe ich begonnen Portraits von Autobesitzern mit besonderen Beziehungen zu ihren Fahrzeugen zu fotografieren. Ich begann Bilder von Automobilveranstaltungen und Orten zu fotografieren, bei denen das Auto im Mittelpunkt steht und reiste daf\u00fcr quer durch Deutschland. Der Verbrennungsmotor, der das intime Verh\u00e4ltnis zum Automobil entscheidend pr\u00e4gte, ist heute zum Aussterben verurteilt. Seine Zeit l\u00e4uft langsam ab. Das Auto, wie [&hellip;]<\/p>\n","protected":false},"author":1,"featured_media":0,"parent":0,"menu_order":0,"comment_status":"closed","ping_status":"closed","template":"","meta":[],"_links":{"self":[{"href":"https:\/\/bernd-roselieb.com\/en\/wp-json\/wp\/v2\/pages\/6746"}],"collection":[{"href":"https:\/\/bernd-roselieb.com\/en\/wp-json\/wp\/v2\/pages"}],"about":[{"href":"https:\/\/bernd-roselieb.com\/en\/wp-json\/wp\/v2\/types\/page"}],"author":[{"embeddable":true,"href":"https:\/\/bernd-roselieb.com\/en\/wp-json\/wp\/v2\/users\/1"}],"replies":[{"embeddable":true,"href":"https:\/\/bernd-roselieb.com\/en\/wp-json\/wp\/v2\/comments?post=6746"}],"version-history":[{"count":64,"href":"https:\/\/bernd-roselieb.com\/en\/wp-json\/wp\/v2\/pages\/6746\/revisions"}],"predecessor-version":[{"id":7496,"href":"https:\/\/bernd-roselieb.com\/en\/wp-json\/wp\/v2\/pages\/6746\/revisions\/7496"}],"wp:attachment":[{"href":"https:\/\/bernd-roselieb.com\/en\/wp-json\/wp\/v2\/media?parent=6746"}],"curies":[{"name":"wp","href":"https:\/\/api.w.org\/{rel}","templated":true}]}}